{"id":170,"date":"2016-09-22T14:56:34","date_gmt":"2016-09-22T14:56:34","guid":{"rendered":"http:\/\/www.novapekara.rs\/?page_id=170"},"modified":"2024-09-06T10:23:18","modified_gmt":"2024-09-06T10:23:18","slug":"lokacija","status":"publish","type":"page","link":"https:\/\/www.novapekara.rs\/index.php\/lokacija\/","title":{"rendered":"Lokacija-novapekara"},"content":{"rendered":"\n\n\tMilo\u0161a Obrenovi\u0107a 11, 31000 U\u017eice<br \/>\ntel.\u00a0031\/565-8888<br \/>\nRadno vreme: 05.00-21.00,<br \/>\nsubotom: 05.00-14.00<br \/>\nnedeljom 05.00-13.00\n\t<p><iframe loading=\"lazy\" src=\"https:\/\/www.google.com\/maps\/embed?pb=!1m18!1m12!1m3!1d2877.177142594138!2d19.853744651415603!3d43.852156947457324!2m3!1f0!2f0!3f0!3m2!1i1024!2i768!4f13.1!3m3!1m2!1s0x4759d35653546dd3%3A0xef6b0180f3b608cb!2z0J3QvtCy0LAg0J_QtdC60LDRgNCw!5e0!3m2!1ssr!2srs!4v1474735665523\" width=\"600\" height=\"450\" frameborder=\"0\" allowfullscreen><\/iframe><\/p>\n\t<p><iframe loading=\"lazy\" src=\"https:\/\/www.google.com\/maps\/embed?pb=!1m18!1m12!1m3!1d2877.033892766699!2d19.834104115074663!3d43.85512617911493!2m3!1f0!2f0!3f0!3m2!1i1024!2i768!4f13.1!3m3!1m2!1s0x4759d349ba6a2db5%3A0xf1c18a394aa2ba9f!2z0JrQvdC10LfQsCDQm9Cw0LfQsNGA0LAsINCj0LbQuNGG0LU!5e0!3m2!1ssr!2srs!4v1547921692648\" width=\"600\" height=\"450\" frameborder=\"0\" allowfullscreen=\"allowfullscreen\"><\/iframe><\/p>\n\tKneza Lazara 1, 31000 U\u017eice<br \/>\ntel. 031\/522-966<br \/>\nRadno vreme: 05.00-21.00<br \/>\nsubotom: 05.00-20.00<br \/>\nnedeljom: 05.00-20.00\n<p>&nbsp;<\/p>\n\tNikole Pa\u0161i\u0107a 3a, 31000 U\u017eice<br \/>\ntel.\u00a0031\/565-8888<br \/>\nRadno vreme: 05.00-21.00<br \/>\nsubotom i nedeljom 05.00-13.00\n\t<p><iframe loading=\"lazy\" src=\"https:\/\/www.google.com\/maps\/embed?pb=!1m18!1m12!1m3!1d1438.5720785303963!2d19.844123102801287!3d43.85284067409669!2m3!1f0!2f0!3f0!3m2!1i1024!2i768!4f13.1!3m3!1m2!1s0x4759d34e18e19391%3A0xc4671920cf18dd2e!2z0J3QuNC60L7Qu9C1INCf0LDRiNC40ZvQsCAzLCDQo9C20LjRhtC1!5e0!3m2!1ssr!2srs!4v1547921971354\" width=\"600\" height=\"450\" frameborder=\"0\" allowfullscreen=\"allowfullscreen\"><\/iframe><\/p>\n\n","protected":false},"excerpt":{"rendered":"<p>Milo\u0161a Obrenovi\u0107a 11, 31000 U\u017eice tel.\u00a0031\/565-8888 Radno vreme: 05.00-21.00, subotom: 05.00-14.00 nedeljom 05.00-13.00 Kneza Lazara 1, 31000 U\u017eice tel. 031\/522-966 Radno vreme: 05.00-21.00 subotom: 05.00-20.00 nedeljom: 05.00-20.00 &nbsp; Nikole Pa\u0161i\u0107a 3a, 31000 U\u017eice tel.\u00a0031\/565-8888 Radno vreme: 05.00-21.00 subotom i nedeljom 05.00-13.00<\/p>\n","protected":false},"author":1,"featured_media":0,"parent":0,"menu_order":0,"comment_status":"closed","ping_status":"closed","template":"","meta":{"neve_meta_sidebar":"","neve_meta_container":"","neve_meta_enable_content_width":"","neve_meta_content_width":0,"neve_meta_title_alignment":"","neve_meta_author_avatar":"","neve_post_elements_order":"","neve_meta_disable_header":"","neve_meta_disable_footer":"","neve_meta_disable_title":"","footnotes":""},"class_list":["post-170","page","type-page","status-publish","hentry"],"yoast_head":"<!-- This site is optimized with the Yoast SEO plugin v26.8 - https:\/\/yoast.com\/product\/yoast-seo-wordpress\/ -->\n<title>Lokacija | Nova Pekara - pekarsko preduze\u0107e iz U\u017eica<\/title>\n<meta name=\"description\" content=\"nova pekara\" \/>\n<meta name=\"robots\" content=\"index, follow, max-snippet:-1, max-image-preview:large, max-video-preview:-1\" \/>\n<link rel=\"canonical\" href=\"http:\/\/www.novapekara.rs\/index.php\/lokacija\/\" \/>\n<meta property=\"og:locale\" content=\"en_US\" \/>\n<meta property=\"og:type\" content=\"article\" \/>\n<meta property=\"og:title\" content=\"Lokacija | Nova Pekara - pekarsko preduze\u0107e iz U\u017eica\" \/>\n<meta property=\"og:description\" content=\"nova pekara\" \/>\n<meta property=\"og:url\" content=\"http:\/\/www.novapekara.rs\/index.php\/lokacija\/\" \/>\n<meta property=\"og:site_name\" content=\"novapekara\" \/>\n<meta property=\"article:publisher\" content=\"https:\/\/www.facebook.com\/Nova-Pekara-338782436469209\/?skip_nax_wizard=true\" \/>\n<meta property=\"article:modified_time\" content=\"2024-09-06T10:23:18+00:00\" \/>\n<meta name=\"twitter:card\" content=\"summary_large_image\" \/>\n<script type=\"application\/ld+json\" class=\"yoast-schema-graph\">{\"@context\":\"https:\/\/schema.org\",\"@graph\":[{\"@type\":\"WebPage\",\"@id\":\"http:\/\/www.novapekara.rs\/index.php\/lokacija\/\",\"url\":\"http:\/\/www.novapekara.rs\/index.php\/lokacija\/\",\"name\":\"Lokacija | Nova Pekara - pekarsko preduze\u0107e iz U\u017eica\",\"isPartOf\":{\"@id\":\"https:\/\/www.novapekara.rs\/#website\"},\"datePublished\":\"2016-09-22T14:56:34+00:00\",\"dateModified\":\"2024-09-06T10:23:18+00:00\",\"description\":\"nova pekara\",\"breadcrumb\":{\"@id\":\"http:\/\/www.novapekara.rs\/index.php\/lokacija\/#breadcrumb\"},\"inLanguage\":\"en-US\",\"potentialAction\":[{\"@type\":\"ReadAction\",\"target\":[\"http:\/\/www.novapekara.rs\/index.php\/lokacija\/\"]}]},{\"@type\":\"BreadcrumbList\",\"@id\":\"http:\/\/www.novapekara.rs\/index.php\/lokacija\/#breadcrumb\",\"itemListElement\":[{\"@type\":\"ListItem\",\"position\":1,\"name\":\"Home\",\"item\":\"https:\/\/www.novapekara.rs\/\"},{\"@type\":\"ListItem\",\"position\":2,\"name\":\"Lokacija-novapekara\"}]},{\"@type\":\"WebSite\",\"@id\":\"https:\/\/www.novapekara.rs\/#website\",\"url\":\"https:\/\/www.novapekara.rs\/\",\"name\":\"novapekara\",\"description\":\"novapekara - pekara, pecenjara, komplet lepinje, nova pekara, nova pekara uzice\",\"potentialAction\":[{\"@type\":\"SearchAction\",\"target\":{\"@type\":\"EntryPoint\",\"urlTemplate\":\"https:\/\/www.novapekara.rs\/?s={search_term_string}\"},\"query-input\":{\"@type\":\"PropertyValueSpecification\",\"valueRequired\":true,\"valueName\":\"search_term_string\"}}],\"inLanguage\":\"en-US\"}]}<\/script>\n<!-- \/ Yoast SEO plugin. -->","yoast_head_json":{"title":"Lokacija | Nova Pekara - pekarsko preduze\u0107e iz U\u017eica","description":"nova pekara","robots":{"index":"index","follow":"follow","max-snippet":"max-snippet:-1","max-image-preview":"max-image-preview:large","max-video-preview":"max-video-preview:-1"},"canonical":"http:\/\/www.novapekara.rs\/index.php\/lokacija\/","og_locale":"en_US","og_type":"article","og_title":"Lokacija | Nova Pekara - pekarsko preduze\u0107e iz U\u017eica","og_description":"nova pekara","og_url":"http:\/\/www.novapekara.rs\/index.php\/lokacija\/","og_site_name":"novapekara","article_publisher":"https:\/\/www.facebook.com\/Nova-Pekara-338782436469209\/?skip_nax_wizard=true","article_modified_time":"2024-09-06T10:23:18+00:00","twitter_card":"summary_large_image","schema":{"@context":"https:\/\/schema.org","@graph":[{"@type":"WebPage","@id":"http:\/\/www.novapekara.rs\/index.php\/lokacija\/","url":"http:\/\/www.novapekara.rs\/index.php\/lokacija\/","name":"Lokacija | Nova Pekara - pekarsko preduze\u0107e iz U\u017eica","isPartOf":{"@id":"https:\/\/www.novapekara.rs\/#website"},"datePublished":"2016-09-22T14:56:34+00:00","dateModified":"2024-09-06T10:23:18+00:00","description":"nova pekara","breadcrumb":{"@id":"http:\/\/www.novapekara.rs\/index.php\/lokacija\/#breadcrumb"},"inLanguage":"en-US","potentialAction":[{"@type":"ReadAction","target":["http:\/\/www.novapekara.rs\/index.php\/lokacija\/"]}]},{"@type":"BreadcrumbList","@id":"http:\/\/www.novapekara.rs\/index.php\/lokacija\/#breadcrumb","itemListElement":[{"@type":"ListItem","position":1,"name":"Home","item":"https:\/\/www.novapekara.rs\/"},{"@type":"ListItem","position":2,"name":"Lokacija-novapekara"}]},{"@type":"WebSite","@id":"https:\/\/www.novapekara.rs\/#website","url":"https:\/\/www.novapekara.rs\/","name":"novapekara","description":"novapekara - pekara, pecenjara, komplet lepinje, nova pekara, nova pekara uzice","potentialAction":[{"@type":"SearchAction","target":{"@type":"EntryPoint","urlTemplate":"https:\/\/www.novapekara.rs\/?s={search_term_string}"},"query-input":{"@type":"PropertyValueSpecification","valueRequired":true,"valueName":"search_term_string"}}],"inLanguage":"en-US"}]}},"_links":{"self":[{"href":"https:\/\/www.novapekara.rs\/index.php\/wp-json\/wp\/v2\/pages\/170","targetHints":{"allow":["GET"]}}],"collection":[{"href":"https:\/\/www.novapekara.rs\/index.php\/wp-json\/wp\/v2\/pages"}],"about":[{"href":"https:\/\/www.novapekara.rs\/index.php\/wp-json\/wp\/v2\/types\/page"}],"author":[{"embeddable":true,"href":"https:\/\/www.novapekara.rs\/index.php\/wp-json\/wp\/v2\/users\/1"}],"replies":[{"embeddable":true,"href":"https:\/\/www.novapekara.rs\/index.php\/wp-json\/wp\/v2\/comments?post=170"}],"version-history":[{"count":15,"href":"https:\/\/www.novapekara.rs\/index.php\/wp-json\/wp\/v2\/pages\/170\/revisions"}],"predecessor-version":[{"id":657,"href":"https:\/\/www.novapekara.rs\/index.php\/wp-json\/wp\/v2\/pages\/170\/revisions\/657"}],"wp:attachment":[{"href":"https:\/\/www.novapekara.rs\/index.php\/wp-json\/wp\/v2\/media?parent=170"}],"curies":[{"name":"wp","href":"https:\/\/api.w.org\/{rel}","templated":true}]}}