{"id":410,"date":"2016-12-24T16:47:07","date_gmt":"2016-12-24T16:47:07","guid":{"rendered":"http:\/\/www.novapekara.rs\/?page_id=410"},"modified":"2019-01-28T13:42:57","modified_gmt":"2019-01-28T13:42:57","slug":"aktuelno","status":"publish","type":"page","link":"http:\/\/www.novapekara.rs\/index.php\/aktuelno\/","title":{"rendered":"Aktuelno"},"content":{"rendered":"<h1 style=\"text-align: center;\">NOVA PEKARA &#8211; U SVE SE ME\u0160A<\/h1>\n<p style=\"text-align: center;\">[wowslider id=&#8221;20&#8243;]<\/p>\n<h1 style=\"text-align: center;\">SAJAM PEKARSTVA, ITALIJA &#8211; 2017.<\/h1>\n<p style=\"text-align: center;\">20. januara 2017. godine predstavnici Nove Pekare zaputili su se ranom zorom put Riminija, na dugo o\u010dekivani sajam pekarstva, poslasti\u010darstva, kafe i sladoleda. Slatko, slano i za na\u0161e ukuse dobro gorko.<\/p>\n<hr \/>\n<p style=\"text-align: center;\">Sajam svetskih razmera, mi puni znati\u017eelje i i\u0161\u010dekivanja. Ali put je dug. Na\u0161 je bio neobi\u010dan, ono \u0161to je u jednom trenutku bila prepreka, savladana, postala je predmet \u0161ale ostatak putovanja. \u00a0U kasnim ve\u010dernjim satima stigli smo u Rimini, grad na moru, bez semafora, u kome je sve re\u0161eno kru\u017enim tokovima. Nema \u010dekanja, nepotrebnih zastoja, saobra\u0107aj glatko te\u010de. Nama u Srbiji ba\u0161 to nedostaje, kada bi mogli samo da kopiramo ve\u0107 dobro isprobano!<\/p>\n<hr \/>\n<p style=\"text-align: center;\">Do\u010dekao nas je prijatan recepcionar, uzeo paso\u0161e i rekao da nam je zapravo kom\u0161ija. Makedonac? &#8220;Ne, ali nisam sa KOSOVA!&#8221;, kao da se branio. A fin neki momak, sestra mu se udala za Italijana, pa eto i njega tu. \u010cudna je ova na\u0161a, kom\u0161ijska, svetska politika, ne treba je slu\u0161ati, \u0161tetno deluje na narod.<\/p>\n<hr \/>\n<p style=\"text-align: center;\">I onda je usledio odmor, trebalo je napuniti baterije za veliki dan. Sutra smo shvatili da ne bi bilo lo\u0161e da smo na punja\u010du ostali jo\u0161 koji sat, jer trebalo je toliko toga videti, slikati, probati, osetiti&#8230;<\/p>\n<hr \/>\n<p style=\"text-align: center;\"><strong>SIGEP RIMINI FIERA<\/strong> &#8211; oprema, slatki\u0161i u mogu\u0107im i nemogu\u0107im oblicima, pica, peciva, kroasane, aparati za kafu &#8211; vi\u0111eni i novi, kafa, sladoledi, izlaganje, rasveta, slogani, dizajn, takmi\u010denja za juniore\u00a0i\u00a0seniore&#8230;ho\u0107ete jo\u0161&#8230;imam bolju ideju. Pogledajte. I naravno, u\u017eivajte.<\/p>\n<p style=\"text-align: center;\">[wowslider id=&#8221;14&#8243;]<\/p>\n<p style=\"text-align: center;\">[wowslider id=&#8221;16&#8243;]<\/p>\n<p style=\"text-align: center;\">Ocena: 10<\/p>\n<p style=\"text-align: center;\">Preporuka:\u00a0topla<\/p>\n","protected":false},"excerpt":{"rendered":"<p>NOVA PEKARA &#8211; U SVE SE ME\u0160A [wowslider id=&#8221;20&#8243;] SAJAM PEKARSTVA, ITALIJA &#8211; 2017. 20. januara 2017. godine predstavnici Nove Pekare zaputili su se ranom zorom put Riminija, na dugo o\u010dekivani sajam pekarstva, poslasti\u010darstva, kafe i sladoleda. Slatko, slano i za na\u0161e ukuse dobro gorko. Sajam svetskih razmera, mi puni znati\u017eelje i i\u0161\u010dekivanja. Ali put&hellip;&nbsp;<a href=\"http:\/\/www.novapekara.rs\/index.php\/aktuelno\/\" class=\"\" rel=\"bookmark\">Read More &raquo;<span class=\"screen-reader-text\">Aktuelno<\/span><\/a><\/p>\n","protected":false},"author":1,"featured_media":0,"parent":0,"menu_order":0,"comment_status":"closed","ping_status":"closed","template":"full-width-page.php","meta":{"neve_meta_sidebar":"","neve_meta_container":"","neve_meta_enable_content_width":"","neve_meta_content_width":0,"neve_meta_title_alignment":"","neve_meta_author_avatar":"","neve_post_elements_order":"","neve_meta_disable_header":"","neve_meta_disable_footer":"","neve_meta_disable_title":"","footnotes":""},"class_list":["post-410","page","type-page","status-publish","hentry"],"yoast_head":"<!-- This site is optimized with the Yoast SEO plugin v26.8 - https:\/\/yoast.com\/product\/yoast-seo-wordpress\/ -->\n<title>Aktuelno - novapekara<\/title>\n<meta name=\"description\" content=\"nova pekara\" \/>\n<meta name=\"robots\" content=\"index, follow, max-snippet:-1, max-image-preview:large, max-video-preview:-1\" \/>\n<link rel=\"canonical\" href=\"http:\/\/www.novapekara.rs\/index.php\/aktuelno\/\" \/>\n<meta property=\"og:locale\" content=\"en_US\" \/>\n<meta property=\"og:type\" content=\"article\" \/>\n<meta property=\"og:title\" content=\"Aktuelno - novapekara\" \/>\n<meta property=\"og:description\" content=\"nova pekara\" \/>\n<meta property=\"og:url\" content=\"http:\/\/www.novapekara.rs\/index.php\/aktuelno\/\" \/>\n<meta property=\"og:site_name\" content=\"novapekara\" \/>\n<meta property=\"article:publisher\" content=\"https:\/\/www.facebook.com\/Nova-Pekara-338782436469209\/?skip_nax_wizard=true\" \/>\n<meta property=\"article:modified_time\" content=\"2019-01-28T13:42:57+00:00\" \/>\n<meta name=\"twitter:card\" content=\"summary_large_image\" \/>\n<meta name=\"twitter:label1\" content=\"Est. reading time\" \/>\n\t<meta name=\"twitter:data1\" content=\"1 minute\" \/>\n<script type=\"application\/ld+json\" class=\"yoast-schema-graph\">{\"@context\":\"https:\/\/schema.org\",\"@graph\":[{\"@type\":\"WebPage\",\"@id\":\"http:\/\/www.novapekara.rs\/index.php\/aktuelno\/\",\"url\":\"http:\/\/www.novapekara.rs\/index.php\/aktuelno\/\",\"name\":\"Aktuelno - novapekara\",\"isPartOf\":{\"@id\":\"http:\/\/www.novapekara.rs\/#website\"},\"datePublished\":\"2016-12-24T16:47:07+00:00\",\"dateModified\":\"2019-01-28T13:42:57+00:00\",\"description\":\"nova pekara\",\"breadcrumb\":{\"@id\":\"http:\/\/www.novapekara.rs\/index.php\/aktuelno\/#breadcrumb\"},\"inLanguage\":\"en-US\",\"potentialAction\":[{\"@type\":\"ReadAction\",\"target\":[\"http:\/\/www.novapekara.rs\/index.php\/aktuelno\/\"]}]},{\"@type\":\"BreadcrumbList\",\"@id\":\"http:\/\/www.novapekara.rs\/index.php\/aktuelno\/#breadcrumb\",\"itemListElement\":[{\"@type\":\"ListItem\",\"position\":1,\"name\":\"Home\",\"item\":\"http:\/\/www.novapekara.rs\/\"},{\"@type\":\"ListItem\",\"position\":2,\"name\":\"Aktuelno\"}]},{\"@type\":\"WebSite\",\"@id\":\"http:\/\/www.novapekara.rs\/#website\",\"url\":\"http:\/\/www.novapekara.rs\/\",\"name\":\"novapekara\",\"description\":\"novapekara - pekara, pecenjara, komplet lepinje, nova pekara, nova pekara uzice\",\"potentialAction\":[{\"@type\":\"SearchAction\",\"target\":{\"@type\":\"EntryPoint\",\"urlTemplate\":\"http:\/\/www.novapekara.rs\/?s={search_term_string}\"},\"query-input\":{\"@type\":\"PropertyValueSpecification\",\"valueRequired\":true,\"valueName\":\"search_term_string\"}}],\"inLanguage\":\"en-US\"}]}<\/script>\n<!-- \/ Yoast SEO plugin. -->","yoast_head_json":{"title":"Aktuelno - novapekara","description":"nova pekara","robots":{"index":"index","follow":"follow","max-snippet":"max-snippet:-1","max-image-preview":"max-image-preview:large","max-video-preview":"max-video-preview:-1"},"canonical":"http:\/\/www.novapekara.rs\/index.php\/aktuelno\/","og_locale":"en_US","og_type":"article","og_title":"Aktuelno - novapekara","og_description":"nova pekara","og_url":"http:\/\/www.novapekara.rs\/index.php\/aktuelno\/","og_site_name":"novapekara","article_publisher":"https:\/\/www.facebook.com\/Nova-Pekara-338782436469209\/?skip_nax_wizard=true","article_modified_time":"2019-01-28T13:42:57+00:00","twitter_card":"summary_large_image","twitter_misc":{"Est. reading time":"1 minute"},"schema":{"@context":"https:\/\/schema.org","@graph":[{"@type":"WebPage","@id":"http:\/\/www.novapekara.rs\/index.php\/aktuelno\/","url":"http:\/\/www.novapekara.rs\/index.php\/aktuelno\/","name":"Aktuelno - novapekara","isPartOf":{"@id":"http:\/\/www.novapekara.rs\/#website"},"datePublished":"2016-12-24T16:47:07+00:00","dateModified":"2019-01-28T13:42:57+00:00","description":"nova pekara","breadcrumb":{"@id":"http:\/\/www.novapekara.rs\/index.php\/aktuelno\/#breadcrumb"},"inLanguage":"en-US","potentialAction":[{"@type":"ReadAction","target":["http:\/\/www.novapekara.rs\/index.php\/aktuelno\/"]}]},{"@type":"BreadcrumbList","@id":"http:\/\/www.novapekara.rs\/index.php\/aktuelno\/#breadcrumb","itemListElement":[{"@type":"ListItem","position":1,"name":"Home","item":"http:\/\/www.novapekara.rs\/"},{"@type":"ListItem","position":2,"name":"Aktuelno"}]},{"@type":"WebSite","@id":"http:\/\/www.novapekara.rs\/#website","url":"http:\/\/www.novapekara.rs\/","name":"novapekara","description":"novapekara - pekara, pecenjara, komplet lepinje, nova pekara, nova pekara uzice","potentialAction":[{"@type":"SearchAction","target":{"@type":"EntryPoint","urlTemplate":"http:\/\/www.novapekara.rs\/?s={search_term_string}"},"query-input":{"@type":"PropertyValueSpecification","valueRequired":true,"valueName":"search_term_string"}}],"inLanguage":"en-US"}]}},"_links":{"self":[{"href":"http:\/\/www.novapekara.rs\/index.php\/wp-json\/wp\/v2\/pages\/410","targetHints":{"allow":["GET"]}}],"collection":[{"href":"http:\/\/www.novapekara.rs\/index.php\/wp-json\/wp\/v2\/pages"}],"about":[{"href":"http:\/\/www.novapekara.rs\/index.php\/wp-json\/wp\/v2\/types\/page"}],"author":[{"embeddable":true,"href":"http:\/\/www.novapekara.rs\/index.php\/wp-json\/wp\/v2\/users\/1"}],"replies":[{"embeddable":true,"href":"http:\/\/www.novapekara.rs\/index.php\/wp-json\/wp\/v2\/comments?post=410"}],"version-history":[{"count":37,"href":"http:\/\/www.novapekara.rs\/index.php\/wp-json\/wp\/v2\/pages\/410\/revisions"}],"predecessor-version":[{"id":540,"href":"http:\/\/www.novapekara.rs\/index.php\/wp-json\/wp\/v2\/pages\/410\/revisions\/540"}],"wp:attachment":[{"href":"http:\/\/www.novapekara.rs\/index.php\/wp-json\/wp\/v2\/media?parent=410"}],"curies":[{"name":"wp","href":"https:\/\/api.w.org\/{rel}","templated":true}]}}