{"id":37,"date":"2016-09-19T18:00:06","date_gmt":"2016-09-19T18:00:06","guid":{"rendered":"http:\/\/www.novapekara.rs\/?page_id=37"},"modified":"2023-02-21T23:18:54","modified_gmt":"2023-02-21T23:18:54","slug":"proizvodi","status":"publish","type":"page","link":"http:\/\/www.novapekara.rs\/index.php\/proizvodi\/","title":{"rendered":""},"content":{"rendered":"\n<h2>Najbolje od Nove Pekare<\/h2>\n<h4>ono po \u010demu se razlikujemo<\/h4>\n<h2>Najbolje od Nove Pekare<\/h2>\n<h4>ono po \u010demu se razlikujemo<\/h4>\n<img decoding=\"async\" src=\"http:\/\/www.novapekara.rs\/wp-content\/uploads\/2016\/09\/IMG_20161228_125601.jpg\" alt=\"img_20161228_125601\">\n<strong>HRONO HLEB<\/strong>\nHrono ishrana je balansiran na\u010din ishrane koji prati rad metabolizma.&nbsp;Ako \u017eelite da jedete, a da budete mr\u0161avi, onda je hrono ishrana pravo re\u0161enje za Vas. Iako je smi\u0161ljena u Francuskoj jo\u0161 1986. godine, kod nas je tek sada u ekspanziji. U ovoj ishrani ne morate da vodite ra\u010duna o broju kalorija i koli\u010dini hrane, ali morate da jedete u odre\u0111eno vreme i da pravilno kombinujete namirnice.\n<strong><a class=\"maxbutton-11 maxbutton maxbutton-hrono\" target=\"_blank\" rel=\"noopener\" href=\"http:\/\/www.novapekara.rs\/index.php\/proizvodiLink#hrono\"><span class='mb-text'>Pro\u010ditaj vi\u0161e<\/span><\/a><\/strong>\n&nbsp;\n<strong>\u0106ABATA<\/strong>\n\u0106abata u prevodu zna\u010di \u201epapu\u010da&#8221;. Ime je dobila zbog uobi\u010dajenog pljosnatog, \u0161irokog i izdu\u017eenog oblika hleba. \u0106abata poti\u010de iz severne Italije a danas je popularna u celoj Evropi, posebno u Skandinaviji. Prvi ju je pripremio i plasirao na tr\u017ei\u0161te Arnaldo Kavalari 1982. godine u Veneciji, u pekari u mestu Rovigo. \u0106abata je vrsta hleba koja najbolje odra\u017eava italijansko u\u017eivanje u \u017eivotu. Njegove odlike su izrazito hrskava, aromati\u010dna kora i \u0161upljikava so\u010dna sredina.\n<a class=\"maxbutton-4 maxbutton maxbutton-cabata\" target=\"_blank\" rel=\"noopener\" href=\"http:\/\/www.novapekara.rs\/index.php\/proizvodilink#cabata\"><span class='mb-text'>Pro\u010ditaj vi\u0161e<\/span><\/a>\n<img decoding=\"async\" src=\"http:\/\/www.novapekara.rs\/wp-content\/uploads\/2016\/09\/IMG_8001.jpg\" alt=\"Nova Pekara \u0106abata\">\n<img decoding=\"async\" src=\"http:\/\/www.novapekara.rs\/wp-content\/uploads\/2016\/09\/IMG_8343.jpg\" alt=\"Nova Pekara Manastirski\">\n<strong>MANASTIRSKI<\/strong>\nPreporu\u010dujemo za ishranu dijabeti\u010dara. Napravljen je od ra\u017eanog i je\u010dmenog bra\u0161na. Recepti monaha i monahinja u srpskim manastirima su vi\u0161evekovnom tradicijom prilago\u0111eni potrebama tela.\n<a class=\"maxbutton-3 maxbutton maxbutton-manastirski\" target=\"_blank\" rel=\"noopener\" href=\"http:\/\/www.novapekara.rs\/index.php\/proizvodilink#manastirski\"><span class='mb-text'>Pro\u010ditaj vi\u0161e<\/span><\/a>\n<strong>RA\u017dANI<\/strong>\nBEZ ADITIVA, VE\u0160TA\u010cKIH BOJA I AROMA, ovaj hleb se preporu\u010duje za smanjenje apetita i masnih naslaga. Osnovni sastojci su ra\u017eano i p\u0161eni\u010dno bra\u0161no.Ima nizak glikemijski indeks za razliku od belog hleba pa je pogodan za osobe sa dijabetisom.\n<a class=\"maxbutton-5 maxbutton maxbutton-razani\" target=\"_blank\" rel=\"noopener\" href=\"http:\/\/www.novapekara.rs\/index.php\/proizvodilink#razani\"><span class='mb-text'>Pro\u010ditaj vi\u0161e<\/span><\/a>\n<img decoding=\"async\" src=\"http:\/\/www.novapekara.rs\/wp-content\/uploads\/2016\/09\/IMG_8040.jpg\" alt=\"Nova Pekara Ra\u017eani\">\n<img decoding=\"async\" src=\"http:\/\/www.novapekara.rs\/wp-content\/uploads\/2016\/09\/vodenicar.jpg\" alt=\"vodenicar\">\n<strong>VODENI\u010cAR<\/strong>\nBEZ ADITIVA, VE\u0160TA\u010cKIH BOJA I AROMA, preporu\u010dujemo za aktivna creva. Sa\u010dinjen je od p\u0161eni\u010dnih mekinja, ingegralnog bra\u0161na od celog zrna i p\u0161eni\u010dnog bra\u0161na. Jedan od osnovnih principa pravilne i uravnote\u017eene ishrane jeste svakodnevna upotreba integralnih \u017eitarica.\n<a class=\"maxbutton-7 maxbutton maxbutton-vodenicar\" target=\"_blank\" rel=\"noopener\" href=\"http:\/\/www.novapekara.rs\/index.php\/proizvodiLink#vodenicar\"><span class='mb-text'>Pro\u010ditaj vi\u0161e<\/span><\/a>\n<strong>HELjDIN<\/strong>\nBEZ ADITIVA, VE\u0160TA\u010cKIH BOJA I AROMA, heljdin hleb ja\u010da organizam, podmla\u0111uje krvne sudove, otklanja umor. Heljda pozitivno uti\u010de na pam\u0107enje i koncentraciju. Doprinosi pravilnom radu creva pa se preporu\u010duje osobama sa probavnim smetnjama, kod&nbsp;bolesti \u017eeluca, parazitskih oboljenja, bolesti ko\u017ee i proliva, rekovalescentima i starijim osobama.\n<a class=\"maxbutton-8 maxbutton maxbutton-heljdin\" target=\"_blank\" rel=\"noopener\" href=\"http:\/\/www.novapekara.rs\/index.php\/proizvodilink#heljdin\"><span class='mb-text'>Pro\u010ditaj vi\u0161e<\/span><\/a>\n<img decoding=\"async\" src=\"http:\/\/www.novapekara.rs\/wp-content\/uploads\/2016\/10\/heljdin.jpg\" alt=\"heljdin\">\n<img decoding=\"async\" src=\"http:\/\/www.novapekara.rs\/wp-content\/uploads\/2016\/09\/IMG_7968.jpg\" alt=\"Nova Pekara Spelta\">\n<strong>SPELTIN<\/strong>\nBEZ KVASCA, VE\u0160TA\u010cKIH BOJA, EMULGATORA I KONZERVANSA\nSpelta ili krupnik, koja je rasla kao samonikla, najsavr\u0161enija je po sastavu hlebna \u017eitarica. Predstavlja prirodan izvor zdravlja pa se svrstava u lekovito bilje. Ljudi su je koristili za ishranu i pre nove ere. Zbog niskog prinosa i te\u0161kog uklanjanja opne, pala je u zaborav. Njeno zrno je za\u0161ti\u0107eno od \u0161tetnih atmosferskih uticaja sa osam opni. Kako je napredovala tehnologija prerade spelte, ona se ponovo na\u0161la na na\u0161oj trpezi. Preporu\u010duje se njena upotreba od najmla\u0111ih dana zbog izgradnje otpornosti organizma na negativne uticaje okoline.\n&nbsp;<a class=\"maxbutton-10 maxbutton maxbutton-spelta\" target=\"_blank\" rel=\"noopener\" href=\"http:\/\/www.novapekara.rs\/index.php\/proizvodiLink#spelta\"><span class='mb-text'>Pro\u010ditaj vi\u0161e<\/span><\/a>\n<strong>MORSKA RIBA<\/strong>\nMorska riba i plodovi mora su veoma lekoviti, \u010diste creva i \u010duvaju telo od infarkta. Visoki sadr\u017eaj belan\u010devina podsti\u010de razmenu materija, a samim tim i sagorevanje masti. Na na\u0161em meniju su najkvalitetnije vrste sku\u0161e, osli\u0107a i girice. Sku\u0161a spada u sitnu plavu ribu koja je polumasna i bogata omega-3 masnim kiselinama koje reguli\u0161u koli\u010dinu hormona leptina (ubrzavaju metabolizam).\n<a class=\"maxbutton-6 maxbutton maxbutton-e6bdade78db2e685ab\" target=\"_blank\" rel=\"noopener\" href=\"http:\/\/www.novapekara.rs\/index.php\/proizvodiLink\/#morska\"><span class='mb-text'>Pro\u010ditaj vi\u0161e<\/span><\/a>\n<img decoding=\"async\" src=\"http:\/\/www.novapekara.rs\/wp-content\/uploads\/2016\/09\/IMG_8187.jpg\" alt=\"Nova Pekara Sku\u0161a\">\n<img decoding=\"async\" src=\"http:\/\/www.novapekara.rs\/wp-content\/uploads\/2016\/09\/chicken-1536439_1280.jpg\" alt=\"chicken-1536439_1280\">\n<strong>PILETINA<\/strong>\nZbog blagotvornog dejstva na organizam, pile\u0107e meso spada u veoma zdravu hranu. Piletina je lako svarljiva, visoke biolo\u0161ke vrednosti i sa optimalnim sadr\u017eajem belan\u010devina. Te\u0161ko je na\u0107i vi\u0161e dobrih osobina u jednoj namirnici.\n<a class=\"maxbutton-9 maxbutton maxbutton-piletina\" target=\"_blank\" rel=\"noopener\" href=\"http:\/\/www.novapekara.rs\/index.php\/proizvodilink#piletina\"><span class='mb-text'>Pro\u010ditaj vi\u0161e<\/span><\/a>\n<img decoding=\"async\" src=\"http:\/\/www.novapekara.rs\/wp-content\/uploads\/2016\/09\/Logomakr_4nvQ6q.png\" alt=\"logomakr_4nvq6q\">\n<h2>DO\u0110I<\/h2>\n<img decoding=\"async\" src=\"http:\/\/www.novapekara.rs\/wp-content\/uploads\/2016\/09\/Logomakr_3JXLfo.png\" alt=\"logomakr_3jxlfo\">\n<h2>PROBAJ<\/h2>\n<img decoding=\"async\" src=\"http:\/\/www.novapekara.rs\/wp-content\/uploads\/2016\/09\/Logomakr_504biK.png\" alt=\"logomakr_504bik\">\n<h2>OSETI RAZLIKU<\/h2>\n<strong>Otkrijte nove ukuse<\/strong>\n<a href=\"http:\/\/www.novapekara.rs\/index.php\/lokacija\/\">Posetite nas&nbsp;\u00bb<\/a>\n","protected":false},"excerpt":{"rendered":"<p>Najbolje od Nove Pekare ono po \u010demu se razlikujemo Najbolje od Nove Pekare ono po \u010demu se razlikujemo HRONO HLEB Hrono ishrana je balansiran na\u010din ishrane koji prati rad metabolizma.&nbsp;Ako \u017eelite da jedete, a da budete mr\u0161avi, onda je hrono ishrana pravo re\u0161enje za Vas. Iako je smi\u0161ljena u Francuskoj jo\u0161 1986. godine, kod nas&hellip;&nbsp;<a href=\"http:\/\/www.novapekara.rs\/index.php\/proizvodi\/\" class=\"\" rel=\"bookmark\">Read More &raquo;<span class=\"screen-reader-text\"><\/span><\/a><\/p>\n","protected":false},"author":1,"featured_media":0,"parent":0,"menu_order":0,"comment_status":"closed","ping_status":"closed","template":"","meta":{"neve_meta_sidebar":"","neve_meta_container":"","neve_meta_enable_content_width":"","neve_meta_content_width":0,"neve_meta_title_alignment":"","neve_meta_author_avatar":"","neve_post_elements_order":"","neve_meta_disable_header":"","neve_meta_disable_footer":"","neve_meta_disable_title":"","footnotes":""},"class_list":["post-37","page","type-page","status-publish","hentry"],"yoast_head":"<!-- This site is optimized with the Yoast SEO plugin v26.8 - https:\/\/yoast.com\/product\/yoast-seo-wordpress\/ -->\n<title>- novapekara<\/title>\n<meta name=\"description\" content=\"nova pekara\" \/>\n<meta name=\"robots\" content=\"index, follow, max-snippet:-1, max-image-preview:large, max-video-preview:-1\" \/>\n<link rel=\"canonical\" href=\"https:\/\/www.novapekara.rs\/index.php\/proizvodi\/\" \/>\n<meta property=\"og:locale\" content=\"en_US\" \/>\n<meta property=\"og:type\" content=\"article\" \/>\n<meta property=\"og:title\" content=\"- novapekara\" \/>\n<meta property=\"og:description\" content=\"nova pekara\" \/>\n<meta property=\"og:url\" content=\"https:\/\/www.novapekara.rs\/index.php\/proizvodi\/\" \/>\n<meta property=\"og:site_name\" content=\"novapekara\" \/>\n<meta property=\"article:publisher\" content=\"https:\/\/www.facebook.com\/Nova-Pekara-338782436469209\/?skip_nax_wizard=true\" \/>\n<meta property=\"article:modified_time\" content=\"2023-02-21T23:18:54+00:00\" \/>\n<meta property=\"og:image\" content=\"http:\/\/www.novapekara.rs\/wp-content\/uploads\/2016\/09\/IMG_20161228_125601.jpg\" \/>\n<meta name=\"twitter:card\" content=\"summary_large_image\" \/>\n<meta name=\"twitter:label1\" content=\"Est. reading time\" \/>\n\t<meta name=\"twitter:data1\" content=\"5 minutes\" \/>\n<script type=\"application\/ld+json\" class=\"yoast-schema-graph\">{\"@context\":\"https:\/\/schema.org\",\"@graph\":[{\"@type\":\"WebPage\",\"@id\":\"https:\/\/www.novapekara.rs\/index.php\/proizvodi\/\",\"url\":\"https:\/\/www.novapekara.rs\/index.php\/proizvodi\/\",\"name\":\"- novapekara\",\"isPartOf\":{\"@id\":\"https:\/\/www.novapekara.rs\/#website\"},\"primaryImageOfPage\":{\"@id\":\"https:\/\/www.novapekara.rs\/index.php\/proizvodi\/#primaryimage\"},\"image\":{\"@id\":\"https:\/\/www.novapekara.rs\/index.php\/proizvodi\/#primaryimage\"},\"thumbnailUrl\":\"http:\/\/www.novapekara.rs\/wp-content\/uploads\/2016\/09\/IMG_20161228_125601.jpg\",\"datePublished\":\"2016-09-19T18:00:06+00:00\",\"dateModified\":\"2023-02-21T23:18:54+00:00\",\"description\":\"nova pekara\",\"inLanguage\":\"en-US\",\"potentialAction\":[{\"@type\":\"ReadAction\",\"target\":[\"https:\/\/www.novapekara.rs\/index.php\/proizvodi\/\"]}]},{\"@type\":\"ImageObject\",\"inLanguage\":\"en-US\",\"@id\":\"https:\/\/www.novapekara.rs\/index.php\/proizvodi\/#primaryimage\",\"url\":\"http:\/\/www.novapekara.rs\/wp-content\/uploads\/2016\/09\/IMG_20161228_125601.jpg\",\"contentUrl\":\"http:\/\/www.novapekara.rs\/wp-content\/uploads\/2016\/09\/IMG_20161228_125601.jpg\",\"width\":3120,\"height\":4160},{\"@type\":\"WebSite\",\"@id\":\"https:\/\/www.novapekara.rs\/#website\",\"url\":\"https:\/\/www.novapekara.rs\/\",\"name\":\"novapekara\",\"description\":\"novapekara - pekara, pecenjara, komplet lepinje, nova pekara, nova pekara uzice\",\"potentialAction\":[{\"@type\":\"SearchAction\",\"target\":{\"@type\":\"EntryPoint\",\"urlTemplate\":\"https:\/\/www.novapekara.rs\/?s={search_term_string}\"},\"query-input\":{\"@type\":\"PropertyValueSpecification\",\"valueRequired\":true,\"valueName\":\"search_term_string\"}}],\"inLanguage\":\"en-US\"}]}<\/script>\n<!-- \/ Yoast SEO plugin. -->","yoast_head_json":{"title":"- novapekara","description":"nova pekara","robots":{"index":"index","follow":"follow","max-snippet":"max-snippet:-1","max-image-preview":"max-image-preview:large","max-video-preview":"max-video-preview:-1"},"canonical":"https:\/\/www.novapekara.rs\/index.php\/proizvodi\/","og_locale":"en_US","og_type":"article","og_title":"- novapekara","og_description":"nova pekara","og_url":"https:\/\/www.novapekara.rs\/index.php\/proizvodi\/","og_site_name":"novapekara","article_publisher":"https:\/\/www.facebook.com\/Nova-Pekara-338782436469209\/?skip_nax_wizard=true","article_modified_time":"2023-02-21T23:18:54+00:00","og_image":[{"url":"http:\/\/www.novapekara.rs\/wp-content\/uploads\/2016\/09\/IMG_20161228_125601.jpg","type":"","width":"","height":""}],"twitter_card":"summary_large_image","twitter_misc":{"Est. reading time":"5 minutes"},"schema":{"@context":"https:\/\/schema.org","@graph":[{"@type":"WebPage","@id":"https:\/\/www.novapekara.rs\/index.php\/proizvodi\/","url":"https:\/\/www.novapekara.rs\/index.php\/proizvodi\/","name":"- novapekara","isPartOf":{"@id":"https:\/\/www.novapekara.rs\/#website"},"primaryImageOfPage":{"@id":"https:\/\/www.novapekara.rs\/index.php\/proizvodi\/#primaryimage"},"image":{"@id":"https:\/\/www.novapekara.rs\/index.php\/proizvodi\/#primaryimage"},"thumbnailUrl":"http:\/\/www.novapekara.rs\/wp-content\/uploads\/2016\/09\/IMG_20161228_125601.jpg","datePublished":"2016-09-19T18:00:06+00:00","dateModified":"2023-02-21T23:18:54+00:00","description":"nova pekara","inLanguage":"en-US","potentialAction":[{"@type":"ReadAction","target":["https:\/\/www.novapekara.rs\/index.php\/proizvodi\/"]}]},{"@type":"ImageObject","inLanguage":"en-US","@id":"https:\/\/www.novapekara.rs\/index.php\/proizvodi\/#primaryimage","url":"http:\/\/www.novapekara.rs\/wp-content\/uploads\/2016\/09\/IMG_20161228_125601.jpg","contentUrl":"http:\/\/www.novapekara.rs\/wp-content\/uploads\/2016\/09\/IMG_20161228_125601.jpg","width":3120,"height":4160},{"@type":"WebSite","@id":"https:\/\/www.novapekara.rs\/#website","url":"https:\/\/www.novapekara.rs\/","name":"novapekara","description":"novapekara - pekara, pecenjara, komplet lepinje, nova pekara, nova pekara uzice","potentialAction":[{"@type":"SearchAction","target":{"@type":"EntryPoint","urlTemplate":"https:\/\/www.novapekara.rs\/?s={search_term_string}"},"query-input":{"@type":"PropertyValueSpecification","valueRequired":true,"valueName":"search_term_string"}}],"inLanguage":"en-US"}]}},"_links":{"self":[{"href":"http:\/\/www.novapekara.rs\/index.php\/wp-json\/wp\/v2\/pages\/37","targetHints":{"allow":["GET"]}}],"collection":[{"href":"http:\/\/www.novapekara.rs\/index.php\/wp-json\/wp\/v2\/pages"}],"about":[{"href":"http:\/\/www.novapekara.rs\/index.php\/wp-json\/wp\/v2\/types\/page"}],"author":[{"embeddable":true,"href":"http:\/\/www.novapekara.rs\/index.php\/wp-json\/wp\/v2\/users\/1"}],"replies":[{"embeddable":true,"href":"http:\/\/www.novapekara.rs\/index.php\/wp-json\/wp\/v2\/comments?post=37"}],"version-history":[{"count":55,"href":"http:\/\/www.novapekara.rs\/index.php\/wp-json\/wp\/v2\/pages\/37\/revisions"}],"predecessor-version":[{"id":646,"href":"http:\/\/www.novapekara.rs\/index.php\/wp-json\/wp\/v2\/pages\/37\/revisions\/646"}],"wp:attachment":[{"href":"http:\/\/www.novapekara.rs\/index.php\/wp-json\/wp\/v2\/media?parent=37"}],"curies":[{"name":"wp","href":"https:\/\/api.w.org\/{rel}","templated":true}]}}